{"id":620,"date":"2024-04-10T07:33:33","date_gmt":"2024-04-10T05:33:33","guid":{"rendered":"https:\/\/constelma.com\/obres-i-construccions\/"},"modified":"2024-05-20T10:02:34","modified_gmt":"2024-05-20T08:02:34","slug":"obres-i-construccions","status":"publish","type":"page","link":"https:\/\/constelma.com\/ca\/obres-i-construccions\/","title":{"rendered":"Obres i construccions"},"content":{"rendered":"<section class=\"l-section wpb_row height_medium width_full color_alternate with_slider\"><div class=\"l-section-slider\"><div class=\"w-slider style_none fit_cover nav_none count_1\"><div class=\"w-slider-h\" aria-hidden=\"true\"><div class=\"royalSlider\"><div class=\"rsContent\"><a class=\"rsImg\" data-rsw=\"1920\" data-rsh=\"1200\" href=\"https:\/\/constelma.com\/wp-content\/uploads\/2024\/04\/constelma-_0013_20210807_112837.jpg\"><span data-alt=\"\"><\/span><\/a><\/div><\/div><img decoding=\"async\" src=\"https:\/\/constelma.com\/wp-content\/uploads\/2024\/04\/constelma-_0013_20210807_112837.jpg\" width=\"1920\" height=\"1200\" alt loading=\"lazy\"><\/div><div class=\"w-slider-json\" onclick='return {&quot;autoScaleSlider&quot;:true,&quot;addActiveClass&quot;:true,&quot;loop&quot;:true,&quot;fadeInLoadedSlide&quot;:false,&quot;slidesSpacing&quot;:0,&quot;imageScalePadding&quot;:0,&quot;numImagesToPreload&quot;:2,&quot;arrowsNav&quot;:false,&quot;arrowsNavAutoHide&quot;:false,&quot;transitionType&quot;:&quot;fade&quot;,&quot;transitionSpeed&quot;:1000,&quot;block&quot;:{&quot;moveEffect&quot;:&quot;none&quot;,&quot;speed&quot;:300},&quot;thumbs&quot;:{&quot;fitInViewport&quot;:false,&quot;firstMargin&quot;:false,&quot;spacing&quot;:4},&quot;controlNavigation&quot;:&quot;none&quot;,&quot;autoplay&quot;:{&quot;enabled&quot;:true,&quot;pauseOnHover&quot;:false,&quot;delay&quot;:3000},&quot;autoScaleSliderWidth&quot;:1920,&quot;autoScaleSliderHeight&quot;:1200}'><\/div><\/div><\/div><div class=\"l-section-overlay\" style=\"background:rgba(0,0,0,0.25)\"><\/div><div class=\"l-section-h i-cf\"><div class=\"g-cols vc_row via_flex valign_top type_default stacking_default\"><div class=\"vc_col-sm-12 wpb_column vc_column_container\"><div class=\"vc_column-inner\"><div class=\"wpb_wrapper\"><div class=\"w-separator size_custom\" style=\"height:10vh\"><\/div><h1 class=\"w-text us_custom_b015c280\"><span class=\"w-text-h\"><span class=\"w-text-value\">Obres i construccions<\/span><\/span><\/h1><div class=\"w-separator size_custom\" style=\"height:10vh\"><\/div><\/div><\/div><\/div><\/div><\/div><\/section><section class=\"l-section wpb_row height_medium color_footer-top\"><div class=\"l-section-h i-cf\"><div class=\"g-cols vc_row via_flex valign_top type_default stacking_default\"><div class=\"vc_col-sm-12 wpb_column vc_column_container\"><div class=\"vc_column-inner\"><div class=\"wpb_wrapper\"><div class=\"g-cols wpb_row via_flex valign_top type_default stacking_default\"><div class=\"vc_col-sm-8 wpb_column vc_column_container\"><div class=\"vc_column-inner\"><div class=\"wpb_wrapper\"><h2 class=\"w-text us_custom_48759ab8 has_text_color\"><span class=\"w-text-h\"><span class=\"w-text-value\">Constelma et presenta la seva divisi\u00f3 de construcci\u00f3<\/span><\/span><\/h2><h2 class=\"w-text us_custom_48759ab8 has_text_color\"><span class=\"w-text-h\"><span class=\"w-text-value\">Oferim solucions integrals per a obres industrials i residencials, recolzades per anys d&#039;experi\u00e8ncia i comprom\u00eds amb la qualitat i l&#039;excel\u00b7l\u00e8ncia.<\/span><\/span><\/h2><h2 class=\"w-text us_custom_48759ab8 has_text_color\"><span class=\"w-text-h\"><span class=\"w-text-value\">Des de la planificaci\u00f3 inicial fins al lliurament final, el nostre equip expert treballa incansablement per fer realitat els teus projectes, garantint resultats duradors i satisfactoris.<\/span><\/span><\/h2><\/div><\/div><\/div><div class=\"vc_col-sm-4 wpb_column vc_column_container\"><div class=\"vc_column-inner\"><div class=\"wpb_wrapper\"><\/div><\/div><\/div><\/div><\/div><\/div><\/div><\/div><\/div><\/section><section class=\"l-section wpb_row height_medium\"><div class=\"l-section-h i-cf\"><div class=\"g-cols vc_row via_flex valign_top type_default stacking_default\"><div class=\"vc_col-sm-12 wpb_column vc_column_container\"><div class=\"vc_column-inner\"><div class=\"wpb_wrapper\"><h3 class=\"w-text us_custom_7b05870f\"><span class=\"w-text-h\"><span class=\"w-text-value\">Obres destacades realitzades per Constelma<\/span><\/span><\/h3><div class=\"w-separator size_medium\"><\/div><div class=\"w-grid us_grid type_grid layout_99 cols_2 preload_style_spinner ratio_custom\" id=\"us_grid_1\" style=\"--columns:2;--gap:1.5rem;--item-ratio:0.625;\" data-filterable=\"true\"><style>@media (max-width:600px){#us_grid_1{--columns:1!important}}.layout_99 .w-grid-item-h{background:#333;border-radius:0.3rem;box-shadow:0 0.2rem 0.4rem rgba(0,0,0,0.1),0 0.67rem 2rem rgba(0,0,0,0.1);transition-duration:0.3s}.no-touch .layout_99 .w-grid-item-h:hover{box-shadow:0 0.25rem 0.5rem rgba(0,0,0,0.1),0 0.83rem 2.5rem rgba(0,0,0,0.15);z-index:4}.layout_99 .usg_post_image_1{transition-duration:1s;transform-origin:50% 50%;transform:scale(1) translate(0%,0%)}.layout_99 .w-grid-item-h:focus-within .usg_post_image_1,.layout_99 .w-grid-item-h:hover .usg_post_image_1{transform:scale(1.1) translate(0%,0%);opacity:0.3}.layout_99 .usg_post_image_1{position:absolute!important;left:0!important;top:0!important;bottom:0!important;right:0!important}.layout_99 .usg_vwrapper_1{position:absolute!important;right:0!important;bottom:0!important;left:0!important;background:linear-gradient(transparent,rgba(30,30,30,0.8))!important;padding:4rem 2rem 1.5rem 2rem!important}.layout_99 .usg_post_title_1{color:#fff!important;font-size:1.5rem!important}<\/style><div class=\"w-grid-list\">\t<article class=\"w-grid-item size_1x1 post-703 us_portfolio type-us_portfolio status-publish has-post-thumbnail hentry us_portfolio_category-obres-i-construccions\" data-id=\"703\">\r\n\t\t<div class=\"w-grid-item-h\">\r\n\t\t\t\t\t\t\t<a href=\"https:\/\/constelma.com\/ca\/projecte\/ampliacio-nau-multinacional-automocio\/\" class=\"w-grid-item-anchor\" aria-label=\"Ampliaci\u00f3 nau multinacional automoci\u00f3\"><\/a>\r\n\t\t\t\t\t\t<div class=\"w-post-elm post_image usg_post_image_1 stretched\"><img loading=\"lazy\" decoding=\"async\" width=\"1024\" height=\"576\" src=\"https:\/\/constelma.com\/wp-content\/uploads\/2024\/04\/constelma-_0009_IMG_4050-1024x576.jpg\" class=\"attachment-large size-large wp-post-image\" alt=\"\" srcset=\"https:\/\/constelma.com\/wp-content\/uploads\/2024\/04\/constelma-_0009_IMG_4050-1024x576.jpg 1024w, https:\/\/constelma.com\/wp-content\/uploads\/2024\/04\/constelma-_0009_IMG_4050-300x169.jpg 300w, https:\/\/constelma.com\/wp-content\/uploads\/2024\/04\/constelma-_0009_IMG_4050.jpg 1920w\" sizes=\"auto, (max-width: 1024px) 100vw, 1024px\" \/><\/div><div class=\"w-vwrapper usg_vwrapper_1 align_none valign_top\" style=\"--vwrapper-gap:0.7rem\"><h2 class=\"w-post-elm post_title usg_post_title_1 has_text_color align_center entry-title color_link_inherit\">Ampliaci\u00f3 nau multinacional automoci\u00f3<\/h2><\/div>\t\t<\/div>\r\n\t\t\t<\/article>\r\n\t<article class=\"w-grid-item size_1x1 post-707 us_portfolio type-us_portfolio status-publish has-post-thumbnail hentry us_portfolio_category-obres-i-construccions\" data-id=\"707\">\r\n\t\t<div class=\"w-grid-item-h\">\r\n\t\t\t\t\t\t\t<a href=\"https:\/\/constelma.com\/ca\/projecte\/fossat-per-a-premsa-800-tn\/\" class=\"w-grid-item-anchor\" aria-label=\"Fossat per a premsa 800 Tn\"><\/a>\r\n\t\t\t\t\t\t<div class=\"w-post-elm post_image usg_post_image_1 stretched\"><img loading=\"lazy\" decoding=\"async\" width=\"1024\" height=\"576\" src=\"https:\/\/constelma.com\/wp-content\/uploads\/2024\/04\/constelma-_0003_IMG_7566-1024x576.jpg\" class=\"attachment-large size-large wp-post-image\" alt=\"\" srcset=\"https:\/\/constelma.com\/wp-content\/uploads\/2024\/04\/constelma-_0003_IMG_7566-1024x576.jpg 1024w, https:\/\/constelma.com\/wp-content\/uploads\/2024\/04\/constelma-_0003_IMG_7566-300x169.jpg 300w, https:\/\/constelma.com\/wp-content\/uploads\/2024\/04\/constelma-_0003_IMG_7566.jpg 1920w\" sizes=\"auto, (max-width: 1024px) 100vw, 1024px\" \/><\/div><div class=\"w-vwrapper usg_vwrapper_1 align_none valign_top\" style=\"--vwrapper-gap:0.7rem\"><h2 class=\"w-post-elm post_title usg_post_title_1 has_text_color align_center entry-title color_link_inherit\">Fossat per a premsa 800 Tn<\/h2><\/div>\t\t<\/div>\r\n\t\t\t<\/article>\r\n\t<article class=\"w-grid-item size_1x1 post-712 us_portfolio type-us_portfolio status-publish has-post-thumbnail hentry us_portfolio_category-obres-i-construccions\" data-id=\"712\">\r\n\t\t<div class=\"w-grid-item-h\">\r\n\t\t\t\t\t\t\t<a href=\"https:\/\/constelma.com\/ca\/projecte\/nou-edifici-manteniment-industrial\/\" class=\"w-grid-item-anchor\" aria-label=\"Nou edifici manteniment industrial\"><\/a>\r\n\t\t\t\t\t\t<div class=\"w-post-elm post_image usg_post_image_1 stretched\"><img loading=\"lazy\" decoding=\"async\" width=\"1024\" height=\"576\" src=\"https:\/\/constelma.com\/wp-content\/uploads\/2024\/04\/constelma-_0000_20230329_122552-1024x576.jpg\" class=\"attachment-large size-large wp-post-image\" alt=\"\" srcset=\"https:\/\/constelma.com\/wp-content\/uploads\/2024\/04\/constelma-_0000_20230329_122552-1024x576.jpg 1024w, https:\/\/constelma.com\/wp-content\/uploads\/2024\/04\/constelma-_0000_20230329_122552-300x169.jpg 300w, https:\/\/constelma.com\/wp-content\/uploads\/2024\/04\/constelma-_0000_20230329_122552.jpg 1920w\" sizes=\"auto, (max-width: 1024px) 100vw, 1024px\" \/><\/div><div class=\"w-vwrapper usg_vwrapper_1 align_none valign_top\" style=\"--vwrapper-gap:0.7rem\"><h2 class=\"w-post-elm post_title usg_post_title_1 has_text_color align_center entry-title color_link_inherit\">Nou edifici manteniment industrial<\/h2><\/div>\t\t<\/div>\r\n\t\t\t<\/article>\r\n\t<article class=\"w-grid-item size_1x1 post-716 us_portfolio type-us_portfolio status-publish has-post-thumbnail hentry us_portfolio_category-obres-i-construccions\" data-id=\"716\">\r\n\t\t<div class=\"w-grid-item-h\">\r\n\t\t\t\t\t\t\t<a href=\"https:\/\/constelma.com\/ca\/projecte\/ampliacio-nau-multinacional-climatitzacio\/\" class=\"w-grid-item-anchor\" aria-label=\"Ampliaci\u00f3 nau multinacional climatitzaci\u00f3\"><\/a>\r\n\t\t\t\t\t\t<div class=\"w-post-elm post_image usg_post_image_1 stretched\"><img loading=\"lazy\" decoding=\"async\" width=\"1024\" height=\"576\" src=\"https:\/\/constelma.com\/wp-content\/uploads\/2024\/04\/constelma-_0002_20211008_163216-1024x576.jpg\" class=\"attachment-large size-large wp-post-image\" alt=\"\" srcset=\"https:\/\/constelma.com\/wp-content\/uploads\/2024\/04\/constelma-_0002_20211008_163216-1024x576.jpg 1024w, https:\/\/constelma.com\/wp-content\/uploads\/2024\/04\/constelma-_0002_20211008_163216-300x169.jpg 300w, https:\/\/constelma.com\/wp-content\/uploads\/2024\/04\/constelma-_0002_20211008_163216.jpg 1920w\" sizes=\"auto, (max-width: 1024px) 100vw, 1024px\" \/><\/div><div class=\"w-vwrapper usg_vwrapper_1 align_none valign_top\" style=\"--vwrapper-gap:0.7rem\"><h2 class=\"w-post-elm post_title usg_post_title_1 has_text_color align_center entry-title color_link_inherit\">Ampliaci\u00f3 nau multinacional climatitzaci\u00f3<\/h2><\/div>\t\t<\/div>\r\n\t\t\t<\/article>\r\n\t<article class=\"w-grid-item size_1x1 post-721 us_portfolio type-us_portfolio status-publish has-post-thumbnail hentry us_portfolio_category-obres-i-construccions\" data-id=\"721\">\r\n\t\t<div class=\"w-grid-item-h\">\r\n\t\t\t\t\t\t\t<a href=\"https:\/\/constelma.com\/ca\/projecte\/rehabilitacio-edifici-habitatges-manresa\/\" class=\"w-grid-item-anchor\" aria-label=\"Rehabilitaci\u00f3 edifici habitatges Manresa\"><\/a>\r\n\t\t\t\t\t\t<div class=\"w-post-elm post_image usg_post_image_1 stretched\"><img loading=\"lazy\" decoding=\"async\" width=\"1024\" height=\"576\" src=\"https:\/\/constelma.com\/wp-content\/uploads\/2024\/04\/constelma-_0008_20221109_114942_resized-1024x576.jpg\" class=\"attachment-large size-large wp-post-image\" alt=\"\" srcset=\"https:\/\/constelma.com\/wp-content\/uploads\/2024\/04\/constelma-_0008_20221109_114942_resized-1024x576.jpg 1024w, https:\/\/constelma.com\/wp-content\/uploads\/2024\/04\/constelma-_0008_20221109_114942_resized-300x169.jpg 300w, https:\/\/constelma.com\/wp-content\/uploads\/2024\/04\/constelma-_0008_20221109_114942_resized.jpg 1920w\" sizes=\"auto, (max-width: 1024px) 100vw, 1024px\" \/><\/div><div class=\"w-vwrapper usg_vwrapper_1 align_none valign_top\" style=\"--vwrapper-gap:0.7rem\"><h2 class=\"w-post-elm post_title usg_post_title_1 has_text_color align_center entry-title color_link_inherit\">Rehabilitaci\u00f3 edifici habitatges Manresa<\/h2><\/div>\t\t<\/div>\r\n\t\t\t<\/article>\r\n\t<article class=\"w-grid-item size_1x1 post-725 us_portfolio type-us_portfolio status-publish has-post-thumbnail hentry us_portfolio_category-obres-i-construccions\" data-id=\"725\">\r\n\t\t<div class=\"w-grid-item-h\">\r\n\t\t\t\t\t\t\t<a href=\"https:\/\/constelma.com\/ca\/projecte\/laboratori-en-nau-industrial\/\" class=\"w-grid-item-anchor\" aria-label=\"Laboratori en nau industrial\"><\/a>\r\n\t\t\t\t\t\t<div class=\"w-post-elm post_image usg_post_image_1 stretched\"><img loading=\"lazy\" decoding=\"async\" width=\"1024\" height=\"576\" src=\"https:\/\/constelma.com\/wp-content\/uploads\/2024\/04\/constelma-_0001_01988041766a838bbacd3af4fafe61a98617f37ea8-1024x576.jpg\" class=\"attachment-large size-large wp-post-image\" alt=\"\" srcset=\"https:\/\/constelma.com\/wp-content\/uploads\/2024\/04\/constelma-_0001_01988041766a838bbacd3af4fafe61a98617f37ea8-1024x576.jpg 1024w, https:\/\/constelma.com\/wp-content\/uploads\/2024\/04\/constelma-_0001_01988041766a838bbacd3af4fafe61a98617f37ea8-300x169.jpg 300w, https:\/\/constelma.com\/wp-content\/uploads\/2024\/04\/constelma-_0001_01988041766a838bbacd3af4fafe61a98617f37ea8.jpg 1920w\" sizes=\"auto, (max-width: 1024px) 100vw, 1024px\" \/><\/div><div class=\"w-vwrapper usg_vwrapper_1 align_none valign_top\" style=\"--vwrapper-gap:0.7rem\"><h2 class=\"w-post-elm post_title usg_post_title_1 has_text_color align_center entry-title color_link_inherit\">Laboratori en nau industrial<\/h2><\/div>\t\t<\/div>\r\n\t\t\t<\/article>\r\n\t<article class=\"w-grid-item size_1x1 post-728 us_portfolio type-us_portfolio status-publish has-post-thumbnail hentry us_portfolio_category-obres-i-construccions\" data-id=\"728\">\r\n\t\t<div class=\"w-grid-item-h\">\r\n\t\t\t\t\t\t\t<a href=\"https:\/\/constelma.com\/ca\/projecte\/fossat-per-a-premsa-grans-dimensions\/\" class=\"w-grid-item-anchor\" aria-label=\"Fossat per a premsa grans dimensions\"><\/a>\r\n\t\t\t\t\t\t<div class=\"w-post-elm post_image usg_post_image_1 stretched\"><img loading=\"lazy\" decoding=\"async\" width=\"1024\" height=\"576\" src=\"https:\/\/constelma.com\/wp-content\/uploads\/2024\/04\/constelma-_0005_20210802_123504-1024x576.jpg\" class=\"attachment-large size-large wp-post-image\" alt=\"\" srcset=\"https:\/\/constelma.com\/wp-content\/uploads\/2024\/04\/constelma-_0005_20210802_123504-1024x576.jpg 1024w, https:\/\/constelma.com\/wp-content\/uploads\/2024\/04\/constelma-_0005_20210802_123504-300x169.jpg 300w, https:\/\/constelma.com\/wp-content\/uploads\/2024\/04\/constelma-_0005_20210802_123504.jpg 1920w\" sizes=\"auto, (max-width: 1024px) 100vw, 1024px\" \/><\/div><div class=\"w-vwrapper usg_vwrapper_1 align_none valign_top\" style=\"--vwrapper-gap:0.7rem\"><h2 class=\"w-post-elm post_title usg_post_title_1 has_text_color align_center entry-title color_link_inherit\">Fossat per a premsa grans dimensions<\/h2><\/div>\t\t<\/div>\r\n\t\t\t<\/article>\r\n\t<article class=\"w-grid-item size_1x1 post-732 us_portfolio type-us_portfolio status-publish has-post-thumbnail hentry us_portfolio_category-obres-i-construccions\" data-id=\"732\">\r\n\t\t<div class=\"w-grid-item-h\">\r\n\t\t\t\t\t\t\t<a href=\"https:\/\/constelma.com\/ca\/projecte\/cadena-de-pintura-multinacional-automocio\/\" class=\"w-grid-item-anchor\" aria-label=\"Cadena de pintura multinacional automoci\u00f3\"><\/a>\r\n\t\t\t\t\t\t<div class=\"w-post-elm post_image usg_post_image_1 stretched\"><img loading=\"lazy\" decoding=\"async\" width=\"1024\" height=\"576\" src=\"https:\/\/constelma.com\/wp-content\/uploads\/2024\/04\/constelma-_0012_P-280-OBRA-ACABADA-11-1024x576.jpg\" class=\"attachment-large size-large wp-post-image\" alt=\"\" srcset=\"https:\/\/constelma.com\/wp-content\/uploads\/2024\/04\/constelma-_0012_P-280-OBRA-ACABADA-11-1024x576.jpg 1024w, https:\/\/constelma.com\/wp-content\/uploads\/2024\/04\/constelma-_0012_P-280-OBRA-ACABADA-11-300x169.jpg 300w, https:\/\/constelma.com\/wp-content\/uploads\/2024\/04\/constelma-_0012_P-280-OBRA-ACABADA-11.jpg 1920w\" sizes=\"auto, (max-width: 1024px) 100vw, 1024px\" \/><\/div><div class=\"w-vwrapper usg_vwrapper_1 align_none valign_top\" style=\"--vwrapper-gap:0.7rem\"><h2 class=\"w-post-elm post_title usg_post_title_1 has_text_color align_center entry-title color_link_inherit\">Cadena de pintura multinacional automoci\u00f3<\/h2><\/div>\t\t<\/div>\r\n\t\t\t<\/article>\r\n\t<article class=\"w-grid-item size_1x1 post-735 us_portfolio type-us_portfolio status-publish has-post-thumbnail hentry us_portfolio_category-obres-i-construccions\" data-id=\"735\">\r\n\t\t<div class=\"w-grid-item-h\">\r\n\t\t\t\t\t\t\t<a href=\"https:\/\/constelma.com\/ca\/projecte\/ampliacio-fossat-cadena-de-pintura\/\" class=\"w-grid-item-anchor\" aria-label=\"Ampliaci\u00f3 fossat cadena de pintura\"><\/a>\r\n\t\t\t\t\t\t<div class=\"w-post-elm post_image usg_post_image_1 stretched\"><img loading=\"lazy\" decoding=\"async\" width=\"1024\" height=\"576\" src=\"https:\/\/constelma.com\/wp-content\/uploads\/2024\/04\/constelma-_0000_IMG_5449-1024x576.jpg\" class=\"attachment-large size-large wp-post-image\" alt=\"\" srcset=\"https:\/\/constelma.com\/wp-content\/uploads\/2024\/04\/constelma-_0000_IMG_5449-1024x576.jpg 1024w, https:\/\/constelma.com\/wp-content\/uploads\/2024\/04\/constelma-_0000_IMG_5449-300x169.jpg 300w, https:\/\/constelma.com\/wp-content\/uploads\/2024\/04\/constelma-_0000_IMG_5449.jpg 1920w\" sizes=\"auto, (max-width: 1024px) 100vw, 1024px\" \/><\/div><div class=\"w-vwrapper usg_vwrapper_1 align_none valign_top\" style=\"--vwrapper-gap:0.7rem\"><h2 class=\"w-post-elm post_title usg_post_title_1 has_text_color align_center entry-title color_link_inherit\">Ampliaci\u00f3 fossat cadena de pintura<\/h2><\/div>\t\t<\/div>\r\n\t\t\t<\/article>\r\n\t<article class=\"w-grid-item size_1x1 post-739 us_portfolio type-us_portfolio status-publish has-post-thumbnail hentry us_portfolio_category-obres-i-construccions\" data-id=\"739\">\r\n\t\t<div class=\"w-grid-item-h\">\r\n\t\t\t\t\t\t\t<a href=\"https:\/\/constelma.com\/ca\/projecte\/fossat-per-a-premsa-especial-figueres\/\" class=\"w-grid-item-anchor\" aria-label=\"Fossat per a premsa especial Figueres\"><\/a>\r\n\t\t\t\t\t\t<div class=\"w-post-elm post_image usg_post_image_1 stretched\"><img loading=\"lazy\" decoding=\"async\" width=\"1024\" height=\"576\" src=\"https:\/\/constelma.com\/wp-content\/uploads\/2024\/04\/constelma-_0001_20220719_144551-1024x576.jpg\" class=\"attachment-large size-large wp-post-image\" alt=\"\" srcset=\"https:\/\/constelma.com\/wp-content\/uploads\/2024\/04\/constelma-_0001_20220719_144551-1024x576.jpg 1024w, https:\/\/constelma.com\/wp-content\/uploads\/2024\/04\/constelma-_0001_20220719_144551-300x169.jpg 300w, https:\/\/constelma.com\/wp-content\/uploads\/2024\/04\/constelma-_0001_20220719_144551.jpg 1920w\" sizes=\"auto, (max-width: 1024px) 100vw, 1024px\" \/><\/div><div class=\"w-vwrapper usg_vwrapper_1 align_none valign_top\" style=\"--vwrapper-gap:0.7rem\"><h2 class=\"w-post-elm post_title usg_post_title_1 has_text_color align_center entry-title color_link_inherit\">Fossat per a premsa especial Figueres<\/h2><\/div>\t\t<\/div>\r\n\t\t\t<\/article>\r\n\t<article class=\"w-grid-item size_1x1 post-743 us_portfolio type-us_portfolio status-publish has-post-thumbnail hentry us_portfolio_category-obres-i-construccions\" data-id=\"743\">\r\n\t\t<div class=\"w-grid-item-h\">\r\n\t\t\t\t\t\t\t<a href=\"https:\/\/constelma.com\/ca\/projecte\/rehabilitacio-naus-industrials\/\" class=\"w-grid-item-anchor\" aria-label=\"Rehabilitaci\u00f3 naus industrials\"><\/a>\r\n\t\t\t\t\t\t<div class=\"w-post-elm post_image usg_post_image_1 stretched\"><img loading=\"lazy\" decoding=\"async\" width=\"1024\" height=\"576\" src=\"https:\/\/constelma.com\/wp-content\/uploads\/2024\/04\/constelma-_0011_IMG_4494-1024x576.jpg\" class=\"attachment-large size-large wp-post-image\" alt=\"\" srcset=\"https:\/\/constelma.com\/wp-content\/uploads\/2024\/04\/constelma-_0011_IMG_4494-1024x576.jpg 1024w, https:\/\/constelma.com\/wp-content\/uploads\/2024\/04\/constelma-_0011_IMG_4494-300x169.jpg 300w, https:\/\/constelma.com\/wp-content\/uploads\/2024\/04\/constelma-_0011_IMG_4494.jpg 1920w\" sizes=\"auto, (max-width: 1024px) 100vw, 1024px\" \/><\/div><div class=\"w-vwrapper usg_vwrapper_1 align_none valign_top\" style=\"--vwrapper-gap:0.7rem\"><h2 class=\"w-post-elm post_title usg_post_title_1 has_text_color align_center entry-title color_link_inherit\">Rehabilitaci\u00f3 naus industrials<\/h2><\/div>\t\t<\/div>\r\n\t\t\t<\/article>\r\n\t<article class=\"w-grid-item size_1x1 post-746 us_portfolio type-us_portfolio status-publish has-post-thumbnail hentry us_portfolio_category-obres-i-construccions\" data-id=\"746\">\r\n\t\t<div class=\"w-grid-item-h\">\r\n\t\t\t\t\t\t\t<a href=\"https:\/\/constelma.com\/ca\/projecte\/nova-oficina-companyia-telecomunicacions\/\" class=\"w-grid-item-anchor\" aria-label=\"Nova oficina companyia telecomunicacions\"><\/a>\r\n\t\t\t\t\t\t<div class=\"w-post-elm post_image usg_post_image_1 stretched\"><img loading=\"lazy\" decoding=\"async\" width=\"1024\" height=\"576\" src=\"https:\/\/constelma.com\/wp-content\/uploads\/2024\/04\/constelma-_0000_IMG_2211-1024x576.jpg\" class=\"attachment-large size-large wp-post-image\" alt=\"\" srcset=\"https:\/\/constelma.com\/wp-content\/uploads\/2024\/04\/constelma-_0000_IMG_2211-1024x576.jpg 1024w, https:\/\/constelma.com\/wp-content\/uploads\/2024\/04\/constelma-_0000_IMG_2211-300x169.jpg 300w, https:\/\/constelma.com\/wp-content\/uploads\/2024\/04\/constelma-_0000_IMG_2211.jpg 1920w\" sizes=\"auto, (max-width: 1024px) 100vw, 1024px\" \/><\/div><div class=\"w-vwrapper usg_vwrapper_1 align_none valign_top\" style=\"--vwrapper-gap:0.7rem\"><h2 class=\"w-post-elm post_title usg_post_title_1 has_text_color align_center entry-title color_link_inherit\">Nova oficina companyia telecomunicacions<\/h2><\/div>\t\t<\/div>\r\n\t\t\t<\/article>\r\n\t<article class=\"w-grid-item size_1x1 post-750 us_portfolio type-us_portfolio status-publish has-post-thumbnail hentry us_portfolio_category-obres-i-construccions\" data-id=\"750\">\r\n\t\t<div class=\"w-grid-item-h\">\r\n\t\t\t\t\t\t\t<a href=\"https:\/\/constelma.com\/ca\/projecte\/ampliacio-de-molls-i-marquesines-industrials\/\" class=\"w-grid-item-anchor\" aria-label=\"Ampliaci\u00f3 de molls i marquesines industrials\"><\/a>\r\n\t\t\t\t\t\t<div class=\"w-post-elm post_image usg_post_image_1 stretched\"><img loading=\"lazy\" decoding=\"async\" width=\"1024\" height=\"576\" src=\"https:\/\/constelma.com\/wp-content\/uploads\/2024\/04\/constelma-_0000_20230508_112809-1024x576.jpg\" class=\"attachment-large size-large wp-post-image\" alt=\"\" srcset=\"https:\/\/constelma.com\/wp-content\/uploads\/2024\/04\/constelma-_0000_20230508_112809-1024x576.jpg 1024w, https:\/\/constelma.com\/wp-content\/uploads\/2024\/04\/constelma-_0000_20230508_112809-300x169.jpg 300w, https:\/\/constelma.com\/wp-content\/uploads\/2024\/04\/constelma-_0000_20230508_112809.jpg 1920w\" sizes=\"auto, (max-width: 1024px) 100vw, 1024px\" \/><\/div><div class=\"w-vwrapper usg_vwrapper_1 align_none valign_top\" style=\"--vwrapper-gap:0.7rem\"><h2 class=\"w-post-elm post_title usg_post_title_1 has_text_color align_center entry-title color_link_inherit\">Ampliaci\u00f3 de molls i marquesines industrials<\/h2><\/div>\t\t<\/div>\r\n\t\t\t<\/article>\r\n<\/div>\t<div class=\"w-grid-preloader\">\r\n\t\t<div class=\"g-preloader type_1\">\r\n\t\t\t<div><\/div>\r\n\t\t<\/div>\r\n\t<\/div>\r\n\t\t<div class=\"w-grid-json hidden\" onclick='return {&quot;action&quot;:&quot;us_ajax_grid&quot;,&quot;infinite_scroll&quot;:0,&quot;max_num_pages&quot;:1,&quot;pagination&quot;:&quot;none&quot;,&quot;template_vars&quot;:{&quot;columns&quot;:&quot;2&quot;,&quot;exclude_items&quot;:&quot;none&quot;,&quot;img_size&quot;:&quot;default&quot;,&quot;ignore_items_size&quot;:0,&quot;items_layout&quot;:&quot;99&quot;,&quot;items_offset&quot;:&quot;1&quot;,&quot;load_animation&quot;:&quot;none&quot;,&quot;overriding_link&quot;:&quot;%7B%22type%22%3A%22post%22%7D&quot;,&quot;post_id&quot;:0,&quot;query_args&quot;:{&quot;post_type&quot;:[&quot;us_portfolio&quot;],&quot;tax_query&quot;:[{&quot;taxonomy&quot;:&quot;us_portfolio_category&quot;,&quot;field&quot;:&quot;slug&quot;,&quot;terms&quot;:[&quot;obres-i-construccions&quot;]}],&quot;post_status&quot;:[&quot;publish&quot;],&quot;posts_per_page&quot;:999},&quot;orderby_query_args&quot;:{&quot;orderby&quot;:{&quot;menu_order&quot;:&quot;ASC&quot;},&quot;order&quot;:&quot;ASC&quot;},&quot;type&quot;:&quot;grid&quot;,&quot;us_grid_post_type&quot;:&quot;us_portfolio&quot;,&quot;us_grid_ajax_index&quot;:1,&quot;us_grid_filter_query_string&quot;:null,&quot;us_grid_index&quot;:1,&quot;page_args&quot;:[],&quot;lang&quot;:&quot;ca&quot;}}'><\/div>\r\n\t<\/div><\/div><\/div><\/div><\/div><\/div><\/section>\n","protected":false},"excerpt":{"rendered":"IniciP\u00e0ginesAmpliaci\u00f3 de molls i marquesines industrialsTreballs en construcci\u00f3 de diversos coberts, molls i paviments a la factoria de Hitachi. Les obres s&#8217;han realitzat els darrers anys, 2021-2023. Inclou construcci\u00f3 estructural, coberts, molls, paviments\u2026 Totes les obres s&#8217;han realitzat per fases, sense aturar l&#8217;activitat industrial.","protected":false},"author":2,"featured_media":455,"parent":0,"menu_order":2,"comment_status":"closed","ping_status":"closed","template":"","meta":{"footnotes":""},"class_list":["post-620","page","type-page","status-publish","has-post-thumbnail","hentry"],"_links":{"self":[{"href":"https:\/\/constelma.com\/ca\/wp-json\/wp\/v2\/pages\/620","targetHints":{"allow":["GET"]}}],"collection":[{"href":"https:\/\/constelma.com\/ca\/wp-json\/wp\/v2\/pages"}],"about":[{"href":"https:\/\/constelma.com\/ca\/wp-json\/wp\/v2\/types\/page"}],"author":[{"embeddable":true,"href":"https:\/\/constelma.com\/ca\/wp-json\/wp\/v2\/users\/2"}],"replies":[{"embeddable":true,"href":"https:\/\/constelma.com\/ca\/wp-json\/wp\/v2\/comments?post=620"}],"version-history":[{"count":12,"href":"https:\/\/constelma.com\/ca\/wp-json\/wp\/v2\/pages\/620\/revisions"}],"predecessor-version":[{"id":966,"href":"https:\/\/constelma.com\/ca\/wp-json\/wp\/v2\/pages\/620\/revisions\/966"}],"wp:featuredmedia":[{"embeddable":true,"href":"https:\/\/constelma.com\/ca\/wp-json\/wp\/v2\/media\/455"}],"wp:attachment":[{"href":"https:\/\/constelma.com\/ca\/wp-json\/wp\/v2\/media?parent=620"}],"curies":[{"name":"wp","href":"https:\/\/api.w.org\/{rel}","templated":true}]}}