{"id":623,"date":"2024-04-10T07:31:28","date_gmt":"2024-04-10T05:31:28","guid":{"rendered":"https:\/\/constelma.com\/telecomunicacions\/"},"modified":"2024-05-20T11:41:38","modified_gmt":"2024-05-20T09:41:38","slug":"telecomunicacions","status":"publish","type":"page","link":"https:\/\/constelma.com\/ca\/telecomunicacions\/","title":{"rendered":"Telecomunicacions"},"content":{"rendered":"<section class=\"l-section wpb_row height_medium width_full color_alternate with_slider\"><div class=\"l-section-slider\"><div class=\"w-slider style_none fit_cover nav_none count_1\"><div class=\"w-slider-h\" aria-hidden=\"true\"><div class=\"royalSlider\"><div class=\"rsContent\"><a class=\"rsImg\" data-rsw=\"1920\" data-rsh=\"1080\" href=\"https:\/\/constelma.com\/wp-content\/uploads\/2024\/04\/telecos.jpg\"><span data-alt=\"\"><\/span><\/a><\/div><\/div><img decoding=\"async\" src=\"https:\/\/constelma.com\/wp-content\/uploads\/2024\/04\/telecos.jpg\" width=\"1920\" height=\"1080\" alt loading=\"lazy\"><\/div><div class=\"w-slider-json\" onclick='return {&quot;autoScaleSlider&quot;:true,&quot;addActiveClass&quot;:true,&quot;loop&quot;:true,&quot;fadeInLoadedSlide&quot;:false,&quot;slidesSpacing&quot;:0,&quot;imageScalePadding&quot;:0,&quot;numImagesToPreload&quot;:2,&quot;arrowsNav&quot;:false,&quot;arrowsNavAutoHide&quot;:false,&quot;transitionType&quot;:&quot;fade&quot;,&quot;transitionSpeed&quot;:1000,&quot;block&quot;:{&quot;moveEffect&quot;:&quot;none&quot;,&quot;speed&quot;:300},&quot;thumbs&quot;:{&quot;fitInViewport&quot;:false,&quot;firstMargin&quot;:false,&quot;spacing&quot;:4},&quot;controlNavigation&quot;:&quot;none&quot;,&quot;autoplay&quot;:{&quot;enabled&quot;:true,&quot;pauseOnHover&quot;:false,&quot;delay&quot;:3000},&quot;autoScaleSliderWidth&quot;:1920,&quot;autoScaleSliderHeight&quot;:1080}'><\/div><\/div><\/div><div class=\"l-section-overlay\" style=\"background:rgba(0,0,0,0.25)\"><\/div><div class=\"l-section-h i-cf\"><div class=\"g-cols vc_row via_flex valign_top type_default stacking_default\"><div class=\"vc_col-sm-12 wpb_column vc_column_container\"><div class=\"vc_column-inner\"><div class=\"wpb_wrapper\"><div class=\"w-separator size_custom\" style=\"height:10vh\"><\/div><h1 class=\"w-text us_custom_b015c280\"><span class=\"w-text-h\"><span class=\"w-text-value\">Telecomunicacions<\/span><\/span><\/h1><div class=\"w-separator size_custom\" style=\"height:10vh\"><\/div><\/div><\/div><\/div><\/div><\/div><\/section><section class=\"l-section wpb_row height_medium color_footer-top\"><div class=\"l-section-h i-cf\"><div class=\"g-cols vc_row via_flex valign_top type_default stacking_default\"><div class=\"vc_col-sm-12 wpb_column vc_column_container\"><div class=\"vc_column-inner\"><div class=\"wpb_wrapper\"><div class=\"g-cols wpb_row via_flex valign_top type_default stacking_default\"><div class=\"vc_col-sm-8 wpb_column vc_column_container\"><div class=\"vc_column-inner\"><div class=\"wpb_wrapper\"><h2 class=\"w-text us_custom_48759ab8 has_text_color\"><span class=\"w-text-h\"><span class=\"w-text-value\">El nostre equip de telecomunicacions est\u00e0 especialitzat en aquest tipus d&#8217;obra tecnol\u00f2gica, amb la implementaci\u00f3 de l\u00ednies de connectivitat i fibra \u00f2ptica, tant per a empreses com per a particulars.<\/span><\/span><\/h2><h2 class=\"w-text us_custom_48759ab8 has_text_color\"><span class=\"w-text-h\"><span class=\"w-text-value\">Comptem amb un equip de professionals altament qualificats i amb \u00e0mplia experi\u00e8ncia al sector de les telecomunicacions.<\/span><\/span><\/h2><h2 class=\"w-text us_custom_48759ab8 has_text_color\"><span class=\"w-text-h\"><span class=\"w-text-value\">Utilitzem materials de la m\u00e9s alta qualitat i les \u00faltimes tecnologies per garantir-te una instal\u00b7laci\u00f3 r\u00e0pida, efica\u00e7 i segura.<\/span><\/span><\/h2><\/div><\/div><\/div><div class=\"vc_col-sm-4 wpb_column vc_column_container\"><div class=\"vc_column-inner\"><div class=\"wpb_wrapper\"><\/div><\/div><\/div><\/div><\/div><\/div><\/div><\/div><\/div><\/section><section class=\"l-section wpb_row height_medium\"><div class=\"l-section-h i-cf\"><div class=\"g-cols vc_row via_flex valign_top type_default stacking_default\"><div class=\"vc_col-sm-12 wpb_column vc_column_container\"><div class=\"vc_column-inner\"><div class=\"wpb_wrapper\"><div class=\"w-grid us_grid type_grid layout_gallery_cropped cols_4 preload_style_spinner with_css_animation ratio_4x3\" id=\"us_grid_1\" style=\"--columns:4;--gap:0.25rem;--item-ratio:0.75;\" data-filterable=\"true\"><style>@media (max-width:600px){#us_grid_1{--columns:2!important}}.layout_gallery_cropped .w-grid-item-h{}.layout_gallery_cropped .usg_post_image_1{position:absolute!important;left:0!important;top:0!important;bottom:0!important;right:0!important}<\/style><div class=\"w-grid-list\">\t<article class=\"w-grid-item us_animate_fade size_1x1 post-611 attachment type-attachment status-inherit hentry\" data-id=\"611\" style=\"animation-delay:0s\">\r\n\t\t<div class=\"w-grid-item-h\">\r\n\t\t\t\t\t\t<div class=\"w-post-elm post_image usg_post_image_1 stretched\"><img loading=\"lazy\" decoding=\"async\" width=\"1024\" height=\"576\" src=\"https:\/\/constelma.com\/wp-content\/uploads\/2024\/04\/obra-cables-telefonia-1024x576.jpg\" class=\"attachment-large size-large\" alt=\"\" srcset=\"https:\/\/constelma.com\/wp-content\/uploads\/2024\/04\/obra-cables-telefonia-1024x576.jpg 1024w, https:\/\/constelma.com\/wp-content\/uploads\/2024\/04\/obra-cables-telefonia-300x169.jpg 300w, https:\/\/constelma.com\/wp-content\/uploads\/2024\/04\/obra-cables-telefonia.jpg 1920w\" sizes=\"auto, (max-width: 1024px) 100vw, 1024px\" \/><\/div>\t\t<\/div>\r\n\t\t\t<\/article>\r\n\t<article class=\"w-grid-item us_animate_fade size_1x1 post-791 attachment type-attachment status-inherit hentry\" data-id=\"791\" style=\"animation-delay:0.1s\">\r\n\t\t<div class=\"w-grid-item-h\">\r\n\t\t\t\t\t\t<div class=\"w-post-elm post_image usg_post_image_1 stretched\"><img loading=\"lazy\" decoding=\"async\" width=\"1024\" height=\"576\" src=\"https:\/\/constelma.com\/wp-content\/uploads\/2024\/04\/telecos-3-1024x576.jpg\" class=\"attachment-large size-large\" alt=\"\" srcset=\"https:\/\/constelma.com\/wp-content\/uploads\/2024\/04\/telecos-3-1024x576.jpg 1024w, https:\/\/constelma.com\/wp-content\/uploads\/2024\/04\/telecos-3-300x169.jpg 300w, https:\/\/constelma.com\/wp-content\/uploads\/2024\/04\/telecos-3-200x113.jpg 200w, https:\/\/constelma.com\/wp-content\/uploads\/2024\/04\/telecos-3.jpg 1920w\" sizes=\"auto, (max-width: 1024px) 100vw, 1024px\" \/><\/div>\t\t<\/div>\r\n\t\t\t<\/article>\r\n\t<article class=\"w-grid-item us_animate_fade size_1x1 post-795 attachment type-attachment status-inherit hentry\" data-id=\"795\" style=\"animation-delay:0.2s\">\r\n\t\t<div class=\"w-grid-item-h\">\r\n\t\t\t\t\t\t<div class=\"w-post-elm post_image usg_post_image_1 stretched\"><img loading=\"lazy\" decoding=\"async\" width=\"1024\" height=\"576\" src=\"https:\/\/constelma.com\/wp-content\/uploads\/2024\/04\/telecos-1-1024x576.jpg\" class=\"attachment-large size-large\" alt=\"\" srcset=\"https:\/\/constelma.com\/wp-content\/uploads\/2024\/04\/telecos-1-1024x576.jpg 1024w, https:\/\/constelma.com\/wp-content\/uploads\/2024\/04\/telecos-1-300x169.jpg 300w, https:\/\/constelma.com\/wp-content\/uploads\/2024\/04\/telecos-1-200x113.jpg 200w, https:\/\/constelma.com\/wp-content\/uploads\/2024\/04\/telecos-1.jpg 1920w\" sizes=\"auto, (max-width: 1024px) 100vw, 1024px\" \/><\/div>\t\t<\/div>\r\n\t\t\t<\/article>\r\n\t<article class=\"w-grid-item us_animate_fade size_1x1 post-836 attachment type-attachment status-inherit hentry\" data-id=\"836\" style=\"animation-delay:0.3s\">\r\n\t\t<div class=\"w-grid-item-h\">\r\n\t\t\t\t\t\t<div class=\"w-post-elm post_image usg_post_image_1 stretched\"><img loading=\"lazy\" decoding=\"async\" width=\"1024\" height=\"576\" src=\"https:\/\/constelma.com\/wp-content\/uploads\/2024\/05\/telecos-4-1024x576.jpg\" class=\"attachment-large size-large\" alt=\"\" srcset=\"https:\/\/constelma.com\/wp-content\/uploads\/2024\/05\/telecos-4-1024x576.jpg 1024w, https:\/\/constelma.com\/wp-content\/uploads\/2024\/05\/telecos-4-300x169.jpg 300w, https:\/\/constelma.com\/wp-content\/uploads\/2024\/05\/telecos-4-200x113.jpg 200w, https:\/\/constelma.com\/wp-content\/uploads\/2024\/05\/telecos-4-150x84.jpg 150w, https:\/\/constelma.com\/wp-content\/uploads\/2024\/05\/telecos-4.jpg 1920w\" sizes=\"auto, (max-width: 1024px) 100vw, 1024px\" \/><\/div>\t\t<\/div>\r\n\t\t\t<\/article>\r\n<\/div>\t<div class=\"w-grid-preloader\">\r\n\t\t<div class=\"g-preloader type_1\">\r\n\t\t\t<div><\/div>\r\n\t\t<\/div>\r\n\t<\/div>\r\n\t\t<div class=\"w-grid-json hidden\" onclick='return {&quot;action&quot;:&quot;us_ajax_grid&quot;,&quot;infinite_scroll&quot;:0,&quot;max_num_pages&quot;:1,&quot;pagination&quot;:&quot;none&quot;,&quot;template_vars&quot;:{&quot;columns&quot;:&quot;4&quot;,&quot;exclude_items&quot;:&quot;none&quot;,&quot;img_size&quot;:&quot;large&quot;,&quot;ignore_items_size&quot;:0,&quot;items_layout&quot;:&quot;gallery_cropped&quot;,&quot;items_offset&quot;:&quot;1&quot;,&quot;load_animation&quot;:&quot;fade&quot;,&quot;overriding_link&quot;:&quot;%7B%22url%22%3A%22%22%7D&quot;,&quot;post_id&quot;:0,&quot;query_args&quot;:{&quot;post_type&quot;:[&quot;attachment&quot;],&quot;post__in&quot;:[&quot;611&quot;,&quot;791&quot;,&quot;795&quot;,&quot;836&quot;],&quot;post_status&quot;:&quot;inherit&quot;,&quot;post_mime_type&quot;:&quot;image&quot;,&quot;posts_per_page&quot;:&quot;4&quot;},&quot;orderby_query_args&quot;:{&quot;orderby&quot;:{&quot;post__in&quot;:&quot;ASC&quot;},&quot;order&quot;:&quot;ASC&quot;},&quot;type&quot;:&quot;grid&quot;,&quot;us_grid_post_type&quot;:&quot;attachment&quot;,&quot;us_grid_ajax_index&quot;:1,&quot;us_grid_filter_query_string&quot;:null,&quot;us_grid_index&quot;:1,&quot;page_args&quot;:[],&quot;lang&quot;:&quot;ca&quot;}}'><\/div>\r\n\t<\/div><div class=\"w-separator size_large\"><\/div><div class=\"w-actionbox color_light controls_right\"><div class=\"w-actionbox-text\"><h2 class=\"w-actionbox-title\" style=\"font-size:1.8rem\">Treballs de telecomunicacions destacats realitzats per Constelma<\/h2><\/div><div class=\"w-actionbox-controls\"><a class=\"w-btn us-btn-style_1 icon_atleft\" target=\"_blank\" href=\"https:\/\/constelma.com\/wp-content\/uploads\/2024\/05\/CONSTELMA_Projectes-telecomunicacions.pdf\"><i class=\"fal fa-file-pdf\"><\/i><span class=\"w-btn-label\">Veure document<\/span><\/a><\/div><\/div><\/div><\/div><\/div><\/div><\/div><\/section>\n","protected":false},"excerpt":{"rendered":"","protected":false},"author":2,"featured_media":607,"parent":0,"menu_order":3,"comment_status":"closed","ping_status":"closed","template":"","meta":{"footnotes":""},"class_list":["post-623","page","type-page","status-publish","has-post-thumbnail","hentry"],"_links":{"self":[{"href":"https:\/\/constelma.com\/ca\/wp-json\/wp\/v2\/pages\/623","targetHints":{"allow":["GET"]}}],"collection":[{"href":"https:\/\/constelma.com\/ca\/wp-json\/wp\/v2\/pages"}],"about":[{"href":"https:\/\/constelma.com\/ca\/wp-json\/wp\/v2\/types\/page"}],"author":[{"embeddable":true,"href":"https:\/\/constelma.com\/ca\/wp-json\/wp\/v2\/users\/2"}],"replies":[{"embeddable":true,"href":"https:\/\/constelma.com\/ca\/wp-json\/wp\/v2\/comments?post=623"}],"version-history":[{"count":24,"href":"https:\/\/constelma.com\/ca\/wp-json\/wp\/v2\/pages\/623\/revisions"}],"predecessor-version":[{"id":983,"href":"https:\/\/constelma.com\/ca\/wp-json\/wp\/v2\/pages\/623\/revisions\/983"}],"wp:featuredmedia":[{"embeddable":true,"href":"https:\/\/constelma.com\/ca\/wp-json\/wp\/v2\/media\/607"}],"wp:attachment":[{"href":"https:\/\/constelma.com\/ca\/wp-json\/wp\/v2\/media?parent=623"}],"curies":[{"name":"wp","href":"https:\/\/api.w.org\/{rel}","templated":true}]}}