{"id":628,"date":"2024-04-10T08:59:57","date_gmt":"2024-04-10T06:59:57","guid":{"rendered":"https:\/\/constelma.com\/contacte\/"},"modified":"2025-01-30T12:20:21","modified_gmt":"2025-01-30T11:20:21","slug":"contacte","status":"publish","type":"page","link":"https:\/\/constelma.com\/ca\/contacte\/","title":{"rendered":"Contacte"},"content":{"rendered":"<section class=\"l-section wpb_row height_medium width_full color_alternate with_slider\"><div class=\"l-section-slider\"><div class=\"w-slider style_none fit_cover nav_none count_1\"><div class=\"w-slider-h\" aria-hidden=\"true\"><div class=\"royalSlider\"><div class=\"rsContent\"><a class=\"rsImg\" data-rsw=\"1920\" data-rsh=\"1080\" href=\"https:\/\/constelma.com\/wp-content\/uploads\/2024\/05\/contacto.jpg\"><span data-alt=\"\"><\/span><\/a><\/div><\/div><img decoding=\"async\" src=\"https:\/\/constelma.com\/wp-content\/uploads\/2024\/05\/contacto.jpg\" width=\"1920\" height=\"1080\" alt loading=\"lazy\"><\/div><div class=\"w-slider-json\" onclick='return {&quot;autoScaleSlider&quot;:true,&quot;addActiveClass&quot;:true,&quot;loop&quot;:true,&quot;fadeInLoadedSlide&quot;:false,&quot;slidesSpacing&quot;:0,&quot;imageScalePadding&quot;:0,&quot;numImagesToPreload&quot;:2,&quot;arrowsNav&quot;:false,&quot;arrowsNavAutoHide&quot;:false,&quot;transitionType&quot;:&quot;fade&quot;,&quot;transitionSpeed&quot;:1000,&quot;block&quot;:{&quot;moveEffect&quot;:&quot;none&quot;,&quot;speed&quot;:300},&quot;thumbs&quot;:{&quot;fitInViewport&quot;:false,&quot;firstMargin&quot;:false,&quot;spacing&quot;:4},&quot;controlNavigation&quot;:&quot;none&quot;,&quot;autoplay&quot;:{&quot;enabled&quot;:true,&quot;pauseOnHover&quot;:false,&quot;delay&quot;:3000},&quot;autoScaleSliderWidth&quot;:1920,&quot;autoScaleSliderHeight&quot;:1080}'><\/div><\/div><\/div><div class=\"l-section-overlay\" style=\"background:rgba(0,0,0,0.25)\"><\/div><div class=\"l-section-h i-cf\"><div class=\"g-cols vc_row via_flex valign_top type_default stacking_default\"><div class=\"vc_col-sm-12 wpb_column vc_column_container\"><div class=\"vc_column-inner\"><div class=\"wpb_wrapper\"><div class=\"w-separator size_custom\" style=\"height:10vh\"><\/div><h1 class=\"w-text us_custom_b015c280\"><span class=\"w-text-h\"><span class=\"w-text-value\">Contacte<\/span><\/span><\/h1><div class=\"w-separator size_custom\" style=\"height:10vh\"><\/div><\/div><\/div><\/div><\/div><\/div><\/section><section class=\"l-section wpb_row height_medium\"><div class=\"l-section-h i-cf\"><div class=\"g-cols vc_row via_flex valign_top type_default stacking_default\"><div class=\"vc_col-sm-12 wpb_column vc_column_container\"><div class=\"vc_column-inner\"><div class=\"wpb_wrapper\"><div class=\"wpb_text_column\"><div class=\"wpb_wrapper\"><p style=\"text-align: center;\">Deixa&#8217;ns les teves dades i la teva consulta al seg\u00fcent formulari de contacte i respondrem als teus dubtes el m\u00e9s aviat possible.<\/p>\n<\/div><\/div><div class=\"w-separator size_small\"><\/div><form class=\"w-form  us-field-style_1 layout_ver show_message_after_sending for_cform us_form_1\" action=\"https:\/\/constelma.com\/ca\/wp-json\/wp\/v2\/pages\/628\" method=\"post\"><div class=\"w-form-h\"><div class=\"w-form-row for_text required cols_3\">\r\n\t\t<div class=\"w-form-row-field\">\r\n\t\t\t\t\t\t<input aria-label=\"Nom i cognoms\" type=\"text\" name=\"us_form_1_text_1\" value placeholder=\"Nom i cognoms *\" data-required=\"true\" aria-required=\"true\"\/>\r\n\t\t\t<\/div>\r\n\t\t<div class=\"w-form-row-state\">Fill out this field<\/div>\r\n<\/div>\r\n<div class=\"w-form-row for_text required cols_3\">\r\n\t\t<div class=\"w-form-row-field\">\r\n\t\t\t\t\t\t<input aria-label=\"Tel\u00e8fon\" inputmode=\"tel\" type=\"text\" name=\"us_form_1_text_2\" value placeholder=\"Tel\u00e8fon *\" data-required=\"true\" aria-required=\"true\"\/>\r\n\t\t\t<\/div>\r\n\t\t<div class=\"w-form-row-state\">Fill out this field<\/div>\r\n<\/div>\r\n<div class=\"w-form-row for_email required cols_3\">\r\n\t\t<div class=\"w-form-row-field\">\r\n\t\t\t\t\t\t<input aria-label=\"E-mail\" type=\"email\" name=\"us_form_1_email_1\" value placeholder=\"E-mail *\" data-required=\"true\" aria-required=\"true\"\/>\r\n\t\t\t<\/div>\r\n\t\t<div class=\"w-form-row-state\">Introdu\u00efu una adre\u00e7a electr\u00f2nica v\u00e0lida.<\/div>\r\n<\/div>\r\n<div class=\"w-form-row for_textarea\">\r\n\t\t<div class=\"w-form-row-field\">\r\n\t\t\t\t\t\t<textarea aria-label=\"Consulta\" name=\"us_form_1_textarea_1\" placeholder=\"Consulta\"><\/textarea>\r\n\t\t\t<\/div>\r\n\t\t<div class=\"w-form-row-state\">Fill out this field<\/div>\r\n<\/div>\r\n<div class=\"w-form-row for_checkboxes\">\r\n\t\t<div class=\"w-form-row-field\">\r\n\t\t\t\t\t<label>\r\n\t\t\t\t<input type=\"checkbox\" name=\"us_form_1_checkboxes_1[]\" value=\"Acepto recibir informaci\u00f3n comercial, incluso por medios electr\u00f3nicos.\"\/>\r\n\t\t\t\t<span>Acepto recibir informaci\u00f3n comercial, incluso por medios electr\u00f3nicos.<\/span>\r\n\t\t\t<\/label>\r\n\t\t\t\t<\/div>\r\n\t\t<div class=\"w-form-row-state\">Select an option<\/div>\r\n<\/div>\r\n<div class=\"w-form-row for_agreement required\">\r\n\t\t<div class=\"w-form-row-field\">\r\n\t\t\t\t<label>\r\n\t\t\t<input type=\"checkbox\" value=\"1\" data-required=\"true\" aria-required=\"true\" name=\"us_form_1_agreement_1\"\/>\r\n\t\t\t<span>He llegit i accepto l'<a href=\"..\/avis-legal\/\" target=\"_blank\">Av\u00eds Legal<\/a> i la <a href=\"..\/politica-de-privacitat\/\" target=\"_blank\">Pol\u00edtica de Privacitat<\/a>.<\/span>\r\n\t\t<\/label>\r\n\t\t\t<\/div>\r\n\t\t<div class=\"w-form-row-state\">You need to agree with the terms to proceed<\/div>\r\n<\/div>\r\n<input type=\"hidden\" name=\"action\" value=\"us_ajax_cform\" \/>\r\n<input type=\"hidden\" name=\"post_id\" value=\"0\" \/>\r\n<input type=\"hidden\" name=\"form_index\" value=\"1\" \/>\r\n<div class=\"w-form-row for_submit align_center\">\r\n\t<button class=\"w-btn  us-btn-style_1\" aria-label=\"Envia\" type=\"submit\">\r\n\t\t<span class=\"g-preloader type_1\"><\/span>\r\n\t\t\t\t<span class=\"w-btn-label\">Envia<\/span>\r\n\t\t\t<\/button>\r\n\t<\/div>\r\n<\/div><div class=\"w-form-message\"><\/div><div class=\"w-form-json hidden\" onclick='return {&quot;ajaxurl&quot;:&quot;https:\\\/\\\/constelma.com\\\/wp-admin\\\/admin-ajax.php&quot;,&quot;messages&quot;:{&quot;err_empty&quot;:&quot;Fill out this field&quot;,&quot;err_size&quot;:&quot;File size cannot exceed %s MB&quot;,&quot;err_extension&quot;:&quot;%s file type is not allowed&quot;,&quot;err_recaptcha_keys&quot;:&quot;reCAPTCHA keys are incorrect&quot;}}'><\/div><\/form><\/div><\/div><\/div><\/div><\/div><\/section>\n","protected":false},"excerpt":{"rendered":"ContacteDeixa&#8217;ns les teves dades i la teva consulta al seg\u00fcent formulari de contacte i respondrem als teus dubtes el m\u00e9s aviat possible. Fill out this field Fill out this field Introdu\u00efu una adre\u00e7a electr\u00f2nica v\u00e0lida. Fill out this field Acepto recibir informaci\u00f3n comercial, incluso por medios electr\u00f3nicos. Select an option He llegit i accepto l'Av\u00eds...","protected":false},"author":2,"featured_media":0,"parent":0,"menu_order":5,"comment_status":"closed","ping_status":"closed","template":"","meta":{"footnotes":""},"class_list":["post-628","page","type-page","status-publish","hentry"],"_links":{"self":[{"href":"https:\/\/constelma.com\/ca\/wp-json\/wp\/v2\/pages\/628","targetHints":{"allow":["GET"]}}],"collection":[{"href":"https:\/\/constelma.com\/ca\/wp-json\/wp\/v2\/pages"}],"about":[{"href":"https:\/\/constelma.com\/ca\/wp-json\/wp\/v2\/types\/page"}],"author":[{"embeddable":true,"href":"https:\/\/constelma.com\/ca\/wp-json\/wp\/v2\/users\/2"}],"replies":[{"embeddable":true,"href":"https:\/\/constelma.com\/ca\/wp-json\/wp\/v2\/comments?post=628"}],"version-history":[{"count":10,"href":"https:\/\/constelma.com\/ca\/wp-json\/wp\/v2\/pages\/628\/revisions"}],"predecessor-version":[{"id":993,"href":"https:\/\/constelma.com\/ca\/wp-json\/wp\/v2\/pages\/628\/revisions\/993"}],"wp:attachment":[{"href":"https:\/\/constelma.com\/ca\/wp-json\/wp\/v2\/media?parent=628"}],"curies":[{"name":"wp","href":"https:\/\/api.w.org\/{rel}","templated":true}]}}